{"id":215,"date":"2015-02-27T21:56:40","date_gmt":"2015-02-27T20:56:40","guid":{"rendered":"https:\/\/www.ksagritek.it\/startseite\/"},"modified":"2025-10-31T12:24:20","modified_gmt":"2025-10-31T11:24:20","slug":"startseite","status":"publish","type":"page","link":"https:\/\/www.ksagritek.it\/de\/","title":{"rendered":"Homepage"},"content":{"rendered":"<div class=\"wpb-content-wrapper\">[vc_row full_width=&#8220;stretch_row&#8220; bg_style=&#8220;stretch&#8220; wpex_bg_overlay=&#8220;dark&#8220; css=&#8220;.vc_custom_1761831130142{padding-top: 250px !important;padding-bottom: 200px !important;background: #093459 url(https:\/\/www.ksagritek.it\/wp-content\/uploads\/2025\/10\/header-scaled.jpeg?id=104) !important;background-position: center !important;background-repeat: no-repeat !important;background-size: cover !important;}&#8220; wpex_bg_overlay_opacity=&#8220;0.35&#8243;][vc_column]<style>.vcex-animated-text.vcex_69ddf369c0835{text-align:center;color:#ffffff;font-size:42px;font-weight:400;letter-spacing:var(--wpex-tracking-tighter);}<\/style><div class=\"vcex-animated-text vcex-module wpex-m-0 wpex-text-xl wpex-text-1 wpex-font-semibold wpex-leading-none vcex-typed-text-wrap wpex-text-center wpex-p-0 vcex_69ddf369c0835\"><span class=\"vcex-typed-text-inner vcex-typed-text-css wpex-inline-block wpex-max-w-100\"><span class=\"screen-reader-text\"><span>KS AGRITEK<\/span><span>Technologie und Markt f\u00fcr die Landwirtschaft der Zukunft<\/span><span>Innovative KI-basierte L\u00f6sungen<\/span><span>Drohnen und Automatisierung<\/span><span>Optimierung der Agrar- und Lebensmittelversorgungskette<\/span><\/span><span class=\"vcex-animated-text__placeholder vcex-ph wpex-inline-block wpex-invisible\"><\/span><span class=\"vcex-typed-text\" aria-hidden=\"true\" data-settings=\"{&quot;loop&quot;:true,&quot;showCursor&quot;:true,&quot;typeSpeed&quot;:60,&quot;backDelay&quot;:500,&quot;backSpeed&quot;:5,&quot;startDelay&quot;:0}\" data-strings=\"[&quot;KS AGRITEK&quot;,&quot;Technologie und Markt f\\u00fcr die Landwirtschaft der Zukunft&quot;,&quot;Innovative KI-basierte L\\u00f6sungen&quot;,&quot;Drohnen und Automatisierung&quot;,&quot;Optimierung der Agrar- und Lebensmittelversorgungskette&quot;]\"><\/span><\/span><\/div><div class=\"vcex-spacing wpex-w-100 wpex-clear\" style=\"height:40px;\"><\/div>[vc_btn title=&#8220;Kontaktieren Sie uns&#8220; color=&#8220;success&#8220; align=&#8220;center&#8220; css=&#8220;&#8220; link=&#8220;url:%23home-contact|&#8220;][\/vc_column][\/vc_row][vc_row local_scroll_id=&#8220;home-about&#8220; css=&#8220;.vc_custom_1761831116883{padding-top: 30px !important;padding-bottom: 10px !important;}&#8220;][vc_column][vc_column_text css=&#8220;&#8220; font_size=&#8220;28px&#8220;]\n<p style=\"text-align: center;\"><strong>Unsere Mission<\/strong>: die Verbindung von kaufm\u00e4nnischer Expertise und technologischer Innovation, um Wertsch\u00f6pfung und Nachhaltigkeit in der landwirtschaftlichen Lieferkette zu schaffen.<\/p>\n[\/vc_column_text]<div class=\"vcex-spacing wpex-w-100 wpex-clear\"><\/div>[vc_column_text css=&#8220;&#8220;]\n<p style=\"text-align: center;\">Wir vernetzen Erzeuger, K\u00e4ufer und intelligente Technologien f\u00fcr eine effizientere, wettbewerbsf\u00e4higere und umweltfreundlichere Landwirtschaft.<\/p>\n[\/vc_column_text][\/vc_column][\/vc_row][vc_row full_width=&#8220;stretch_row&#8220; column_spacing=&#8220;20&#8243; css=&#8220;.vc_custom_1761831975787{border-top-width: 1px !important;padding-top: 20px !important;padding-bottom: 20px !important;border-top-style: solid !important;border-color: #e8f2fc !important;}&#8220;][vc_column]<div class=\"vcex-heading vcex-heading-plain vcex-module wpex-heading wpex-text-2xl wpex-text-center\"><span class=\"vcex-heading-inner wpex-inline-block\">Abteilung Agrar- und Ern\u00e4hrungswirtschaft<\/span><\/div><div class=\"vcex-spacing wpex-w-100 wpex-clear\"><\/div>[\/vc_column][vc_column width=&#8220;1\/2&#8243;][vc_column_text css=&#8220;&#8220; font_size=&#8220;28px&#8220;]\n<p style=\"text-align: left;\"><strong>Kommerzielle Beratung<\/strong><\/p>\n[\/vc_column_text]<div class=\"vcex-spacing wpex-w-100 wpex-clear\"><\/div>[vc_column_text css=&#8220;&#8220;]Wir unterst\u00fctzen Obst- und Gem\u00fcseproduzenten und -unternehmen bei der F\u00fchrung und dem Ausbau ihrer Betriebe.[\/vc_column_text][\/vc_column][vc_column width=&#8220;1\/2&#8243;][vc_single_image image=&#8220;228&#8243; img_size=&#8220;large&#8220; css_animation=&#8220;right-to-left&#8220; alignment=&#8220;center&#8220; css=&#8220;&#8220;][\/vc_column][\/vc_row][vc_row full_width=&#8220;stretch_row&#8220; column_spacing=&#8220;20&#8243; columns_right=&#8220;yes&#8220; css=&#8220;.vc_custom_1761831360942{border-top-width: 1px !important;padding-top: 20px !important;padding-bottom: 20px !important;border-top-style: solid !important;border-color: #e8f2fc !important;}&#8220;][vc_column width=&#8220;1\/2&#8243;][vc_column_text css=&#8220;&#8220; font_size=&#8220;28px&#8220;]\n<p style=\"text-align: left;\"><strong>Forschung, Brokerage &amp; Marktanalyse<\/strong><\/p>\n[\/vc_column_text]<div class=\"vcex-spacing wpex-w-100 wpex-clear\"><\/div>[vc_column_text css=&#8220;&#8220;]Wir entwickeln Studien und Marketingstrategien f\u00fcr eine wettbewerbsf\u00e4hige Lieferkette.<\/p>\n<p>Wir vernetzen Produzenten und Abnehmer in Italien und im Ausland, um Exporte zu f\u00f6rdern.[\/vc_column_text][\/vc_column][vc_column width=&#8220;1\/2&#8243;][vc_single_image image=&#8220;229&#8243; img_size=&#8220;large&#8220; css_animation=&#8220;left-to-right&#8220; alignment=&#8220;center&#8220; css=&#8220;&#8220;][\/vc_column][\/vc_row][vc_row full_width=&#8220;stretch_row&#8220; column_spacing=&#8220;20&#8243; local_scroll_id=&#8220;home-what&#8220; css=&#8220;.vc_custom_1761831982669{border-top-width: 1px !important;padding-top: 20px !important;padding-bottom: 20px !important;border-top-style: solid !important;border-color: #e8f2fc !important;}&#8220;][vc_column]<div class=\"vcex-heading vcex-heading-plain vcex-module wpex-heading wpex-text-2xl wpex-text-center\"><span class=\"vcex-heading-inner wpex-inline-block\">Abteilung Technologie<\/span><\/div><div class=\"vcex-spacing wpex-w-100 wpex-clear\"><\/div>[\/vc_column][vc_column width=&#8220;1\/2&#8243;][vc_column_text css=&#8220;&#8220; font_size=&#8220;28px&#8220;]\n<p style=\"text-align: left;\"><strong>Landwirtschaftliche Drohnen<\/strong><\/p>\n[\/vc_column_text]<div class=\"vcex-spacing wpex-w-100 wpex-clear\"><\/div>[vc_column_text css=&#8220;&#8220;]Pflanzen\u00fcberwachung und Datenerfassung in Echtzeit.[\/vc_column_text][\/vc_column][vc_column width=&#8220;1\/2&#8243;][vc_single_image image=&#8220;230&#8243; img_size=&#8220;large&#8220; css_animation=&#8220;right-to-left&#8220; alignment=&#8220;center&#8220; css=&#8220;&#8220;][\/vc_column][\/vc_row][vc_row full_width=&#8220;stretch_row&#8220; column_spacing=&#8220;20&#8243; columns_right=&#8220;yes&#8220; css=&#8220;.vc_custom_1761831374212{border-top-width: 1px !important;padding-top: 20px !important;padding-bottom: 20px !important;border-top-style: solid !important;border-color: #e8f2fc !important;}&#8220;][vc_column width=&#8220;1\/2&#8243;][vc_column_text css=&#8220;&#8220; font_size=&#8220;28px&#8220;]\n<p style=\"text-align: left;\"><strong>KI und multispektrale Bildverarbeitung<\/strong><\/p>\n[\/vc_column_text]<div class=\"vcex-spacing wpex-w-100 wpex-clear\"><\/div>[vc_column_text css=&#8220;&#8220;]Pflanzenvitalit\u00e4t, Feuchtigkeit und Gesundheitszustand analysieren \u2013 f\u00fcr datengest\u00fctzte Entscheidungen.[\/vc_column_text][\/vc_column][vc_column width=&#8220;1\/2&#8243;][vc_single_image image=&#8220;227&#8243; img_size=&#8220;large&#8220; css_animation=&#8220;left-to-right&#8220; alignment=&#8220;center&#8220; css=&#8220;&#8220;][\/vc_column][\/vc_row][vc_row full_width=&#8220;stretch_row&#8220; column_spacing=&#8220;20&#8243; local_scroll_id=&#8220;home-what&#8220; css=&#8220;.vc_custom_1761831380687{border-top-width: 1px !important;padding-top: 20px !important;padding-bottom: 20px !important;border-top-style: solid !important;border-color: #e8f2fc !important;}&#8220;][vc_column width=&#8220;1\/2&#8243;][vc_column_text css=&#8220;&#8220; font_size=&#8220;28px&#8220;]\n<p style=\"text-align: left;\"><strong>Robotik und Automatisierung<\/strong><\/p>\n[\/vc_column_text]<div class=\"vcex-spacing wpex-w-100 wpex-clear\"><\/div>[vc_column_text css=&#8220;&#8220;]Autonome L\u00f6sungen zur Optimierung der landwirtschaftlichen Produktivit\u00e4t.[\/vc_column_text][\/vc_column][vc_column width=&#8220;1\/2&#8243;][vc_single_image image=&#8220;231&#8243; img_size=&#8220;large&#8220; css_animation=&#8220;right-to-left&#8220; alignment=&#8220;center&#8220; css=&#8220;&#8220;][\/vc_column][\/vc_row][vc_row full_width=&#8220;stretch_row&#8220; column_spacing=&#8220;20&#8243; columns_right=&#8220;yes&#8220; css=&#8220;.vc_custom_1761831388031{border-top-width: 1px !important;padding-top: 20px !important;padding-bottom: 40px !important;border-top-style: solid !important;border-color: #e8f2fc !important;}&#8220;][vc_column width=&#8220;1\/2&#8243;][vc_column_text css=&#8220;&#8220; font_size=&#8220;28px&#8220;]\n<p style=\"text-align: left;\"><strong>Datenintegration<\/strong><\/p>\n[\/vc_column_text]<div class=\"vcex-spacing wpex-w-100 wpex-clear\"><\/div>[vc_column_text css=&#8220;&#8220;]Individuell angepasste Dashboards und Berichte f\u00fcr Genossenschaften und landwirtschaftliche Betriebe.[\/vc_column_text][\/vc_column][vc_column width=&#8220;1\/2&#8243;][vc_single_image image=&#8220;232&#8243; img_size=&#8220;large&#8220; css_animation=&#8220;left-to-right&#8220; alignment=&#8220;center&#8220; css=&#8220;&#8220;][\/vc_column][\/vc_row][vc_row css=&#8220;.vc_custom_1761832038197{padding-top: 60px !important;padding-bottom: 30px !important;}&#8220; local_scroll_id=&#8220;home-contact&#8220; el_class=&#8220;local-scroll-link&#8220; el_id=&#8220;home-contact&#8220;][vc_column]<style>.vcex-heading.vcex_69ddf369c3086{font-size:36px;}<\/style><div class=\"vcex-heading vcex-heading-plain vcex-module wpex-heading wpex-text-2xl wpex-text-center vcex_69ddf369c3086\"><span class=\"vcex-heading-inner wpex-inline-block\">Nehmen Sie Kontakt mit uns auf.<br \/>\nWir melden uns schnellstm\u00f6glich bei Ihnen.<\/span><\/div><div class=\"vcex-spacing wpex-w-100 wpex-clear\"><\/div><style>.vcex-contact-form.vcex_69ddf369c38d1 .vcex-contact-form__submit{background:#0e3610;color:#fefefe;}<\/style><div class=\"vcex-contact-form vcex_69ddf369c38d1\" data-ajaxurl=\"https:\/\/www.ksagritek.it\/wp-admin\/admin-ajax.php\" data-notice-success=\"Vielen Dank f\u00fcr Ihre Nachricht. Wir melden uns schnellstm\u00f6glich bei Ihnen.\" data-notice-error=\"The following error occurred: {{error}}\" data-recaptcha=\"\" data-nonce=\"7217c9f5eb\"><form class=\"vcex-contact-form__form\"><div class=\"vcex-contact-form__fields wpex-mb-15 wpex-flex wpex-gap-20 wpex-flex-wrap\"><div class=\"vcex-contact-form__name wpex-flex-grow\"><label class=\"vcex-contact-form__label wpex-block wpex-mb-5 wpex-font-semibold\" for=\"vcex-contact-form__69ddf369c3a1c-name\">Ihr Name<sup class=\"vcex-contact-form__required\">*<\/sup><\/label><input class=\"vcex-contact-form__input wpex-w-100\" type=\"text\" id=\"vcex-contact-form__69ddf369c3a1c-name\" name=\"vcex_cf_name\" required><\/div><div class=\"vcex-contact-form__email wpex-flex-grow\"><label class=\"vcex-contact-form__label wpex-block wpex-mb-5 wpex-font-semibold\" for=\"vcex-contact-form__69ddf369c3a1c-email\">E-mail<sup class=\"vcex-contact-form__required\">*<\/sup><\/label><input class=\"vcex-contact-form__input wpex-w-100\" type=\"email\" id=\"vcex-contact-form__69ddf369c3a1c-email\" name=\"vcex_cf_email\" required><\/div><\/div><div class=\"vcex-contact-form__message wpex-mb-15\"><label class=\"vcex-contact-form__label wpex-block wpex-mb-5 wpex-font-semibold\" for=\"vcex-contact-form__69ddf369c3a1c-message\">Nachricht<\/label><textarea rows=\"8\" class=\"vcex-contact-form__textarea wpex-align-top wpex-w-100\" id=\"vcex-contact-form__69ddf369c3a1c-message\" name=\"vcex_cf_message\" required><\/textarea><\/div><div class=\"vcex-contact-form__privacy wpex-flex wpex-items-center wpex-gap-5 wpex-mb-15\"><input type=\"checkbox\" class=\"vcex-contact-form__checkbox\" id=\"vcex-contact-form__69ddf369c3a1c-privacy\" name=\"vcex_cf_privacy\" required><label class=\"vcex-contact-form__label wpex-block wpex-font-semibold\" for=\"vcex-contact-form__69ddf369c3a1c-privacy\"> Ich best\u00e4tige, dass ich die <a href=\"https:\/\/www.ksagritek.it\/privacy-policy\/\" target=\"_blank\" rel=\"noopener noreferrer\">Privacy Policy<\/a><\/label><\/div><button class=\"vcex-contact-form__submit vcex-contact-form__submit--full wpex-flex wpex-w-100 wpex-text-1em wpex-items-center wpex-gap-10 wpex-justify-center wpex-opacity-100 theme-button\"><span class=\"vcex-contact-form__submit-text\">Anfrage senden<\/span><span class=\"vcex-contact-form__spinner wpex-icon wpex-hidden\"><svg height=\"20\" width=\"20\" class=\"wpex-animate-spin wpex-opacity-5\" xmlns=\"http:\/\/www.w3.org\/2000\/svg\" viewBox=\"0 0 16 16\" fill=\"currentColor\"><path fill-rule=\"evenodd\" d=\"M8 3a5 5 0 1 0 4.546 2.914.5.5 0 0 1 .908-.417A6 6 0 1 1 8 2z\"\/><path d=\"M8 4.466V.534a.25.25 0 0 1 .41-.192l2.36 1.966c.12.1.12.284 0 .384L8.41 4.658A.25.25 0 0 1 8 4.466\"\/><\/svg><\/span><\/button><div class=\"vcex-contact-form__notice wpex-hidden wpex-alert wpex-mt-15 wpex-mb-0\" role=\"alert\" aria-live=\"assertive\" tabindex=\"-1\"><\/div><\/form><div class=\"vcex-contact-form__overlay wpex-hidden\"><\/div><\/div>[\/vc_column][\/vc_row]\n<\/div>","protected":false},"excerpt":{"rendered":"<p>[vc_row full_width=&#8220;stretch_row&#8220; bg_style=&#8220;stretch&#8220; wpex_bg_overlay=&#8220;dark&#8220; css=&#8220;.vc_custom_1761831130142{padding-top: 250px !important;padding-bottom: 200px !important;background: #093459 url(https:\/\/www.ksagritek.it\/wp-content\/uploads\/2025\/10\/header-scaled.jpeg?id=104) !important;background-position: center !important;background-repeat: no-repeat !important;background-size: cover !important;}&#8220; wpex_bg_overlay_opacity=&#8220;0.35&#8243;][vc_column][vc_btn title=&#8220;Kontaktieren Sie uns&#8220; color=&#8220;success&#8220; align=&#8220;center&#8220; css=&#8220;&#8220; link=&#8220;url:%23home-contact|&#8220;][\/vc_column][\/vc_row][vc_row local_scroll_id=&#8220;home-about&#8220; css=&#8220;.vc_custom_1761831116883{padding-top: 30px !important;padding-bottom: 10px !important;}&#8220;][vc_column][vc_column_text css=&#8220;&#8220; font_size=&#8220;28px&#8220;] Unsere Mission: die Verbindung von kaufm\u00e4nnischer Expertise und technologischer Innovation, um Wertsch\u00f6pfung und Nachhaltigkeit in der landwirtschaftlichen Lieferkette zu schaffen. [\/vc_column_text][vc_column_text&hellip;<\/p>\n","protected":false},"author":1,"featured_media":0,"parent":0,"menu_order":0,"comment_status":"closed","ping_status":"closed","template":"","meta":{"_acf_changed":false,"footnotes":""},"class_list":["post-215","page","type-page","status-publish","hentry","entry","no-media"],"acf":[],"_links":{"self":[{"href":"https:\/\/www.ksagritek.it\/de\/wp-json\/wp\/v2\/pages\/215","targetHints":{"allow":["GET"]}}],"collection":[{"href":"https:\/\/www.ksagritek.it\/de\/wp-json\/wp\/v2\/pages"}],"about":[{"href":"https:\/\/www.ksagritek.it\/de\/wp-json\/wp\/v2\/types\/page"}],"author":[{"embeddable":true,"href":"https:\/\/www.ksagritek.it\/de\/wp-json\/wp\/v2\/users\/1"}],"replies":[{"embeddable":true,"href":"https:\/\/www.ksagritek.it\/de\/wp-json\/wp\/v2\/comments?post=215"}],"version-history":[{"count":9,"href":"https:\/\/www.ksagritek.it\/de\/wp-json\/wp\/v2\/pages\/215\/revisions"}],"predecessor-version":[{"id":299,"href":"https:\/\/www.ksagritek.it\/de\/wp-json\/wp\/v2\/pages\/215\/revisions\/299"}],"wp:attachment":[{"href":"https:\/\/www.ksagritek.it\/de\/wp-json\/wp\/v2\/media?parent=215"}],"curies":[{"name":"wp","href":"https:\/\/api.w.org\/{rel}","templated":true}]}}