{"id":236,"date":"2015-02-27T21:56:40","date_gmt":"2015-02-27T20:56:40","guid":{"rendered":"https:\/\/www.ksagritek.it\/pagina-principal\/"},"modified":"2025-10-31T12:25:34","modified_gmt":"2025-10-31T11:25:34","slug":"pagina-principal","status":"publish","type":"page","link":"https:\/\/www.ksagritek.it\/es\/","title":{"rendered":"Homepage"},"content":{"rendered":"<div class=\"wpb-content-wrapper\">[vc_row full_width=\u00bbstretch_row\u00bb bg_style=\u00bbstretch\u00bb wpex_bg_overlay=\u00bbdark\u00bb css=\u00bb.vc_custom_1761831130142{padding-top: 250px !important;padding-bottom: 200px !important;background: #093459 url(https:\/\/www.ksagritek.it\/wp-content\/uploads\/2025\/10\/header-scaled.jpeg?id=104) !important;background-position: center !important;background-repeat: no-repeat !important;background-size: cover !important;}\u00bb wpex_bg_overlay_opacity=\u00bb0.35&#8243;][vc_column]<style>.vcex-animated-text.vcex_69ddef8037435{text-align:center;color:#ffffff;font-size:42px;font-weight:400;letter-spacing:var(--wpex-tracking-tighter);}<\/style><div class=\"vcex-animated-text vcex-module wpex-m-0 wpex-text-xl wpex-text-1 wpex-font-semibold wpex-leading-none vcex-typed-text-wrap wpex-text-center wpex-p-0 vcex_69ddef8037435\"><span class=\"vcex-typed-text-inner vcex-typed-text-css wpex-inline-block wpex-max-w-100\"><span class=\"screen-reader-text\"><span>KS AGRITEK<\/span><span>Tecnologia e Mercato per l\u2019Agricoltura del Futuro<\/span><span>Soluciones innovadoras basadas en IA<\/span><span>Drones y Automatizaci\u00f3n<\/span><span>Optimizaci\u00f3n de la cadena de suministro agroalimentaria<\/span><\/span><span class=\"vcex-animated-text__placeholder vcex-ph wpex-inline-block wpex-invisible\"><\/span><span class=\"vcex-typed-text\" aria-hidden=\"true\" data-settings=\"{&quot;loop&quot;:true,&quot;showCursor&quot;:true,&quot;typeSpeed&quot;:60,&quot;backDelay&quot;:500,&quot;backSpeed&quot;:5,&quot;startDelay&quot;:0}\" data-strings=\"[&quot;KS AGRITEK&quot;,&quot;Tecnologia e Mercato per l\\u2019Agricoltura del Futuro&quot;,&quot;Soluciones innovadoras basadas en IA&quot;,&quot;Drones y Automatizaci\\u00f3n&quot;,&quot;Optimizaci\\u00f3n de la cadena de suministro agroalimentaria&quot;]\"><\/span><\/span><\/div><div class=\"vcex-spacing wpex-w-100 wpex-clear\" style=\"height:40px;\"><\/div>[vc_btn title=\u00bbCont\u00e1ctenos\u00bb color=\u00bbsuccess\u00bb align=\u00bbcenter\u00bb css=\u00bb\u00bb link=\u00bburl:%23home-contact|\u00bb][\/vc_column][\/vc_row][vc_row local_scroll_id=\u00bbhome-about\u00bb css=\u00bb.vc_custom_1761831116883{padding-top: 30px !important;padding-bottom: 10px !important;}\u00bb][vc_column][vc_column_text css=\u00bb\u00bb font_size=\u00bb28px\u00bb]\n<p style=\"text-align: center;\"><strong>Nuestra misi\u00f3n:<\/strong> combinar la experiencia comercial y la innovaci\u00f3n tecnol\u00f3gica para crear valor y sostenibilidad en la cadena de suministro agr\u00edcola.<\/p>\n[\/vc_column_text]<div class=\"vcex-spacing wpex-w-100 wpex-clear\"><\/div>[vc_column_text css=\u00bb\u00bb]\n<p style=\"text-align: center;\">Conectamos a productores, compradores y tecnolog\u00edas inteligentes para una agricultura m\u00e1s eficiente, competitiva y respetuosa con el medio ambiente.<\/p>\n[\/vc_column_text][\/vc_column][\/vc_row][vc_row full_width=\u00bbstretch_row\u00bb column_spacing=\u00bb20&#8243; css=\u00bb.vc_custom_1761831975787{border-top-width: 1px !important;padding-top: 20px !important;padding-bottom: 20px !important;border-top-style: solid !important;border-color: #e8f2fc !important;}\u00bb][vc_column]<div class=\"vcex-heading vcex-heading-plain vcex-module wpex-heading wpex-text-2xl wpex-text-center\"><span class=\"vcex-heading-inner wpex-inline-block\">Divisi\u00f3n agroalimentaria<\/span><\/div><div class=\"vcex-spacing wpex-w-100 wpex-clear\"><\/div>[\/vc_column][vc_column width=\u00bb1\/2&#8243;][vc_column_text css=\u00bb\u00bb font_size=\u00bb28px\u00bb]\n<p style=\"text-align: left;\"><strong>Consultor\u00eda comercial<\/strong><\/p>\n[\/vc_column_text]<div class=\"vcex-spacing wpex-w-100 wpex-clear\"><\/div>[vc_column_text css=\u00bb\u00bb]Apoyamos a los productores y empresas de frutas y hortalizas en la gesti\u00f3n y el crecimiento de sus negocios.[\/vc_column_text][\/vc_column][vc_column width=\u00bb1\/2&#8243;][vc_single_image image=\u00bb249&#8243; img_size=\u00bblarge\u00bb css_animation=\u00bbright-to-left\u00bb alignment=\u00bbcenter\u00bb css=\u00bb\u00bb][\/vc_column][\/vc_row][vc_row full_width=\u00bbstretch_row\u00bb column_spacing=\u00bb20&#8243; columns_right=\u00bbyes\u00bb css=\u00bb.vc_custom_1761831360942{border-top-width: 1px !important;padding-top: 20px !important;padding-bottom: 20px !important;border-top-style: solid !important;border-color: #e8f2fc !important;}\u00bb][vc_column width=\u00bb1\/2&#8243;][vc_column_text css=\u00bb\u00bb font_size=\u00bb28px\u00bb]\n<p style=\"text-align: left;\"><strong>Investigaci\u00f3n, intermediaci\u00f3n y an\u00e1lisis de mercado<\/strong><\/p>\n[\/vc_column_text]<div class=\"vcex-spacing wpex-w-100 wpex-clear\"><\/div>[vc_column_text css=\u00bb\u00bb]Desarrollamos estudios y estrategias de promoci\u00f3n para una cadena de suministro competitiva.<\/p>\n<p>Conectamos a productores y compradores en Italia y en el extranjero para impulsar las exportaciones.[\/vc_column_text][\/vc_column][vc_column width=\u00bb1\/2&#8243;][vc_single_image image=\u00bb250&#8243; img_size=\u00bblarge\u00bb css_animation=\u00bbleft-to-right\u00bb alignment=\u00bbcenter\u00bb css=\u00bb\u00bb][\/vc_column][\/vc_row][vc_row full_width=\u00bbstretch_row\u00bb column_spacing=\u00bb20&#8243; local_scroll_id=\u00bbhome-what\u00bb css=\u00bb.vc_custom_1761831982669{border-top-width: 1px !important;padding-top: 20px !important;padding-bottom: 20px !important;border-top-style: solid !important;border-color: #e8f2fc !important;}\u00bb][vc_column]<div class=\"vcex-heading vcex-heading-plain vcex-module wpex-heading wpex-text-2xl wpex-text-center\"><span class=\"vcex-heading-inner wpex-inline-block\">Divisi\u00f3n de Tecnolog\u00eda<\/span><\/div><div class=\"vcex-spacing wpex-w-100 wpex-clear\"><\/div>[\/vc_column][vc_column width=\u00bb1\/2&#8243;][vc_column_text css=\u00bb\u00bb font_size=\u00bb28px\u00bb]\n<p style=\"text-align: left;\"><strong>Drones agr\u00edcolas<\/strong><\/p>\n[\/vc_column_text]<div class=\"vcex-spacing wpex-w-100 wpex-clear\"><\/div>[vc_column_text css=\u00bb\u00bb]Monitoreo de cultivos y recopilaci\u00f3n de datos en tiempo real.[\/vc_column_text][\/vc_column][vc_column width=\u00bb1\/2&#8243;][vc_single_image image=\u00bb251&#8243; img_size=\u00bblarge\u00bb css_animation=\u00bbright-to-left\u00bb alignment=\u00bbcenter\u00bb css=\u00bb\u00bb][\/vc_column][\/vc_row][vc_row full_width=\u00bbstretch_row\u00bb column_spacing=\u00bb20&#8243; columns_right=\u00bbyes\u00bb css=\u00bb.vc_custom_1761831374212{border-top-width: 1px !important;padding-top: 20px !important;padding-bottom: 20px !important;border-top-style: solid !important;border-color: #e8f2fc !important;}\u00bb][vc_column width=\u00bb1\/2&#8243;][vc_column_text css=\u00bb\u00bb font_size=\u00bb28px\u00bb]\n<p style=\"text-align: left;\"><strong>IA y visi\u00f3n multiespectral<\/strong><\/p>\n[\/vc_column_text]<div class=\"vcex-spacing wpex-w-100 wpex-clear\"><\/div>[vc_column_text css=\u00bb\u00bb]An\u00e1lisis del vigor, la humedad y la salud de las plantas para la toma de decisiones basadas en datos.[\/vc_column_text][\/vc_column][vc_column width=\u00bb1\/2&#8243;][vc_single_image image=\u00bb248&#8243; img_size=\u00bblarge\u00bb css_animation=\u00bbleft-to-right\u00bb alignment=\u00bbcenter\u00bb css=\u00bb\u00bb][\/vc_column][\/vc_row][vc_row full_width=\u00bbstretch_row\u00bb column_spacing=\u00bb20&#8243; local_scroll_id=\u00bbhome-what\u00bb css=\u00bb.vc_custom_1761831380687{border-top-width: 1px !important;padding-top: 20px !important;padding-bottom: 20px !important;border-top-style: solid !important;border-color: #e8f2fc !important;}\u00bb][vc_column width=\u00bb1\/2&#8243;][vc_column_text css=\u00bb\u00bb font_size=\u00bb28px\u00bb]\n<p style=\"text-align: left;\"><strong>Rob\u00f3tica y automatizaci\u00f3n<\/strong><\/p>\n[\/vc_column_text]<div class=\"vcex-spacing wpex-w-100 wpex-clear\"><\/div>[vc_column_text css=\u00bb\u00bb]Soluciones aut\u00f3nomas para optimizar la productividad agr\u00edcola.[\/vc_column_text][\/vc_column][vc_column width=\u00bb1\/2&#8243;][vc_single_image image=\u00bb252&#8243; img_size=\u00bblarge\u00bb css_animation=\u00bbright-to-left\u00bb alignment=\u00bbcenter\u00bb css=\u00bb\u00bb][\/vc_column][\/vc_row][vc_row full_width=\u00bbstretch_row\u00bb column_spacing=\u00bb20&#8243; columns_right=\u00bbyes\u00bb css=\u00bb.vc_custom_1761831388031{border-top-width: 1px !important;padding-top: 20px !important;padding-bottom: 40px !important;border-top-style: solid !important;border-color: #e8f2fc !important;}\u00bb][vc_column width=\u00bb1\/2&#8243;][vc_column_text css=\u00bb\u00bb font_size=\u00bb28px\u00bb]\n<p style=\"text-align: left;\"><strong>Integraci\u00f3n de datos<\/strong><\/p>\n[\/vc_column_text]<div class=\"vcex-spacing wpex-w-100 wpex-clear\"><\/div>[vc_column_text css=\u00bb\u00bb]Paneles de control e informes personalizados para cooperativas y empresas agr\u00edcolas.[\/vc_column_text][\/vc_column][vc_column width=\u00bb1\/2&#8243;][vc_single_image image=\u00bb253&#8243; img_size=\u00bblarge\u00bb css_animation=\u00bbleft-to-right\u00bb alignment=\u00bbcenter\u00bb css=\u00bb\u00bb][\/vc_column][\/vc_row][vc_row css=\u00bb.vc_custom_1761832038197{padding-top: 60px !important;padding-bottom: 30px !important;}\u00bb local_scroll_id=\u00bbhome-contact\u00bb el_class=\u00bblocal-scroll-link\u00bb el_id=\u00bbhome-contact\u00bb][vc_column]<style>.vcex-heading.vcex_69ddef8039b8c{font-size:36px;}<\/style><div class=\"vcex-heading vcex-heading-plain vcex-module wpex-heading wpex-text-2xl wpex-text-center vcex_69ddef8039b8c\"><span class=\"vcex-heading-inner wpex-inline-block\">Cont\u00e1ctanos.<br \/>\nTe responderemos lo antes posible.<\/span><\/div><div class=\"vcex-spacing wpex-w-100 wpex-clear\"><\/div><style>.vcex-contact-form.vcex_69ddef803a44e .vcex-contact-form__submit{background:#0e3610;color:#fefefe;}<\/style><div class=\"vcex-contact-form vcex_69ddef803a44e\" data-ajaxurl=\"https:\/\/www.ksagritek.it\/wp-admin\/admin-ajax.php\" data-notice-success=\"Gracias por su mensaje. Le responderemos lo antes posible.\" data-notice-error=\"The following error occurred: {{error}}\" data-recaptcha=\"\" data-nonce=\"7217c9f5eb\"><form class=\"vcex-contact-form__form\"><div class=\"vcex-contact-form__fields wpex-mb-15 wpex-flex wpex-gap-20 wpex-flex-wrap\"><div class=\"vcex-contact-form__name wpex-flex-grow\"><label class=\"vcex-contact-form__label wpex-block wpex-mb-5 wpex-font-semibold\" for=\"vcex-contact-form__69ddef803a5af-name\">Su nombre<sup class=\"vcex-contact-form__required\">*<\/sup><\/label><input class=\"vcex-contact-form__input wpex-w-100\" type=\"text\" id=\"vcex-contact-form__69ddef803a5af-name\" name=\"vcex_cf_name\" required><\/div><div class=\"vcex-contact-form__email wpex-flex-grow\"><label class=\"vcex-contact-form__label wpex-block wpex-mb-5 wpex-font-semibold\" for=\"vcex-contact-form__69ddef803a5af-email\">E-mail<sup class=\"vcex-contact-form__required\">*<\/sup><\/label><input class=\"vcex-contact-form__input wpex-w-100\" type=\"email\" id=\"vcex-contact-form__69ddef803a5af-email\" name=\"vcex_cf_email\" required><\/div><\/div><div class=\"vcex-contact-form__message wpex-mb-15\"><label class=\"vcex-contact-form__label wpex-block wpex-mb-5 wpex-font-semibold\" for=\"vcex-contact-form__69ddef803a5af-message\">Mensaje<\/label><textarea rows=\"8\" class=\"vcex-contact-form__textarea wpex-align-top wpex-w-100\" id=\"vcex-contact-form__69ddef803a5af-message\" name=\"vcex_cf_message\" required><\/textarea><\/div><div class=\"vcex-contact-form__privacy wpex-flex wpex-items-center wpex-gap-5 wpex-mb-15\"><input type=\"checkbox\" class=\"vcex-contact-form__checkbox\" id=\"vcex-contact-form__69ddef803a5af-privacy\" name=\"vcex_cf_privacy\" required><label class=\"vcex-contact-form__label wpex-block wpex-font-semibold\" for=\"vcex-contact-form__69ddef803a5af-privacy\">Confirmo que he le\u00eddo el <a href=\"https:\/\/www.ksagritek.it\/privacy-policy\/\" target=\"_blank\" rel=\"noopener noreferrer\">Privacy Policy<\/a><\/label><\/div><button class=\"vcex-contact-form__submit vcex-contact-form__submit--full wpex-flex wpex-w-100 wpex-text-1em wpex-items-center wpex-gap-10 wpex-justify-center wpex-opacity-100 theme-button\"><span class=\"vcex-contact-form__submit-text\">Enviar solicitud<\/span><span class=\"vcex-contact-form__spinner wpex-icon wpex-hidden\"><svg height=\"20\" width=\"20\" class=\"wpex-animate-spin wpex-opacity-5\" xmlns=\"http:\/\/www.w3.org\/2000\/svg\" viewBox=\"0 0 16 16\" fill=\"currentColor\"><path fill-rule=\"evenodd\" d=\"M8 3a5 5 0 1 0 4.546 2.914.5.5 0 0 1 .908-.417A6 6 0 1 1 8 2z\"\/><path d=\"M8 4.466V.534a.25.25 0 0 1 .41-.192l2.36 1.966c.12.1.12.284 0 .384L8.41 4.658A.25.25 0 0 1 8 4.466\"\/><\/svg><\/span><\/button><div class=\"vcex-contact-form__notice wpex-hidden wpex-alert wpex-mt-15 wpex-mb-0\" role=\"alert\" aria-live=\"assertive\" tabindex=\"-1\"><\/div><\/form><div class=\"vcex-contact-form__overlay wpex-hidden\"><\/div><\/div>[\/vc_column][\/vc_row]\n<\/div>","protected":false},"excerpt":{"rendered":"<p>[vc_row full_width=\u00bbstretch_row\u00bb bg_style=\u00bbstretch\u00bb wpex_bg_overlay=\u00bbdark\u00bb css=\u00bb.vc_custom_1761831130142{padding-top: 250px !important;padding-bottom: 200px !important;background: #093459 url(https:\/\/www.ksagritek.it\/wp-content\/uploads\/2025\/10\/header-scaled.jpeg?id=104) !important;background-position: center !important;background-repeat: no-repeat !important;background-size: cover !important;}\u00bb wpex_bg_overlay_opacity=\u00bb0.35&#8243;][vc_column][vc_btn title=\u00bbCont\u00e1ctenos\u00bb color=\u00bbsuccess\u00bb align=\u00bbcenter\u00bb css=\u00bb\u00bb link=\u00bburl:%23home-contact|\u00bb][\/vc_column][\/vc_row][vc_row local_scroll_id=\u00bbhome-about\u00bb css=\u00bb.vc_custom_1761831116883{padding-top: 30px !important;padding-bottom: 10px !important;}\u00bb][vc_column][vc_column_text css=\u00bb\u00bb font_size=\u00bb28px\u00bb] Nuestra misi\u00f3n: combinar la experiencia comercial y la innovaci\u00f3n tecnol\u00f3gica para crear valor y sostenibilidad en la cadena de suministro agr\u00edcola. [\/vc_column_text][vc_column_text css=\u00bb\u00bb]&hellip;<\/p>\n","protected":false},"author":1,"featured_media":0,"parent":0,"menu_order":0,"comment_status":"closed","ping_status":"closed","template":"","meta":{"_acf_changed":false,"footnotes":""},"class_list":["post-236","page","type-page","status-publish","hentry","entry","no-media"],"acf":[],"_links":{"self":[{"href":"https:\/\/www.ksagritek.it\/es\/wp-json\/wp\/v2\/pages\/236","targetHints":{"allow":["GET"]}}],"collection":[{"href":"https:\/\/www.ksagritek.it\/es\/wp-json\/wp\/v2\/pages"}],"about":[{"href":"https:\/\/www.ksagritek.it\/es\/wp-json\/wp\/v2\/types\/page"}],"author":[{"embeddable":true,"href":"https:\/\/www.ksagritek.it\/es\/wp-json\/wp\/v2\/users\/1"}],"replies":[{"embeddable":true,"href":"https:\/\/www.ksagritek.it\/es\/wp-json\/wp\/v2\/comments?post=236"}],"version-history":[{"count":8,"href":"https:\/\/www.ksagritek.it\/es\/wp-json\/wp\/v2\/pages\/236\/revisions"}],"predecessor-version":[{"id":300,"href":"https:\/\/www.ksagritek.it\/es\/wp-json\/wp\/v2\/pages\/236\/revisions\/300"}],"wp:attachment":[{"href":"https:\/\/www.ksagritek.it\/es\/wp-json\/wp\/v2\/media?parent=236"}],"curies":[{"name":"wp","href":"https:\/\/api.w.org\/{rel}","templated":true}]}}